{"id":93,"date":"2023-12-02T17:44:20","date_gmt":"2023-12-02T16:44:20","guid":{"rendered":"http:\/\/localhost:8888\/sotf\/?page_id=93"},"modified":"2025-01-23T00:22:56","modified_gmt":"2025-01-22T23:22:56","slug":"strings-of-the-future-in-hannover","status":"publish","type":"page","link":"https:\/\/s-design.media\/sotf\/","title":{"rendered":"Hannover"},"content":{"rendered":"\t\t<div data-elementor-type=\"wp-page\" data-elementor-id=\"93\" class=\"elementor elementor-93\">\n\t\t\t\t<div class=\"elementor-element elementor-element-958a998 e-con-full e-flex e-con e-parent\" data-id=\"958a998\" data-element_type=\"container\">\n\t\t<div class=\"elementor-element elementor-element-9d61492 e-con-full e-flex e-con e-child\" data-id=\"9d61492\" data-element_type=\"container\">\n\t\t\t\t<div class=\"elementor-element elementor-element-5b36483 elementor-widget__width-auto elementor-invisible elementor-widget elementor-widget-image\" data-id=\"5b36483\" data-element_type=\"widget\" data-settings=\"{&quot;_animation&quot;:&quot;zoomIn&quot;}\" data-widget_type=\"image.default\">\n\t\t\t\t<div class=\"elementor-widget-container\">\n\t\t\t\t\t\t\t\t\t\t\t\t\t\t\t<img fetchpriority=\"high\" decoding=\"async\" width=\"459\" height=\"286\" src=\"https:\/\/s-design.media\/sotf\/wp-content\/uploads\/2023\/12\/logo-sotf-neg.svg\" class=\"attachment-large size-large wp-image-112\" alt=\"Logo: Strings of the Future\" \/>\t\t\t\t\t\t\t\t\t\t\t\t\t\t\t<\/div>\n\t\t\t\t<\/div>\n\t\t\t\t<div class=\"elementor-element elementor-element-8af5f8e elementor-widget elementor-widget-text-editor\" data-id=\"8af5f8e\" data-element_type=\"widget\" data-widget_type=\"text-editor.default\">\n\t\t\t\t<div class=\"elementor-widget-container\">\n\t\t\t\t\t\t\t\t\t<p>Nachwuchstalente aus D\u00e4nemark <br \/>und Deutschland begeistern!<\/p>\t\t\t\t\t\t\t\t<\/div>\n\t\t\t\t<\/div>\n\t\t\t\t<\/div>\n\t\t\t\t<div class=\"elementor-element elementor-element-9ea6e17 elementor-align-justify elementor-widget__width-initial elementor-mobile-align-center elementor-widget-mobile__width-inherit elementor-invisible elementor-widget elementor-widget-button\" data-id=\"9ea6e17\" data-element_type=\"widget\" data-settings=\"{&quot;_animation&quot;:&quot;fadeInUp&quot;}\" data-widget_type=\"button.default\">\n\t\t\t\t<div class=\"elementor-widget-container\">\n\t\t\t\t\t\t\t\t\t<div class=\"elementor-button-wrapper\">\n\t\t\t\t\t<a class=\"elementor-button elementor-button-link elementor-size-sm elementor-animation-grow\" href=\"https:\/\/www.reservix.de\/tickets-strings-of-the-future-nachwuchstalente-aus-daenemark-und-deutschland-begeistern-in-hannover-neustaedter-hof-und-stadtkirche-st-johannis-am-9-2-2025\/e2361511\">\n\t\t\t\t\t\t<span class=\"elementor-button-content-wrapper\">\n\t\t\t\t\t\t\t\t\t<span class=\"elementor-button-text\">Karten f\u00fcr Strings of the Future<\/span>\n\t\t\t\t\t<\/span>\n\t\t\t\t\t<\/a>\n\t\t\t\t<\/div>\n\t\t\t\t\t\t\t\t<\/div>\n\t\t\t\t<\/div>\n\t\t\t\t<\/div>\n\t\t<div class=\"elementor-element elementor-element-7a1469f e-flex e-con-boxed e-con e-parent\" data-id=\"7a1469f\" data-element_type=\"container\" data-settings=\"{&quot;background_background&quot;:&quot;classic&quot;}\">\n\t\t\t\t\t<div class=\"e-con-inner\">\n\t\t\t\t<div class=\"elementor-element elementor-element-e5601b0 elementor-widget elementor-widget-text-editor\" data-id=\"e5601b0\" data-element_type=\"widget\" data-widget_type=\"text-editor.default\">\n\t\t\t\t<div class=\"elementor-widget-container\">\n\t\t\t\t\t\t\t\t\t<p><strong>9.\u2009Februar\u20092025\u2002|\u200217 Uhr, Hannover <\/strong><br \/><strong>Neust\u00e4dter Hof- und Stadtkirche St.\u2009Johannis<\/strong><br \/><strong>Rote Reihe 8 | 30169 Hannover<br \/><\/strong><\/p>\t\t\t\t\t\t\t\t<\/div>\n\t\t\t\t<\/div>\n\t\t\t\t\t<\/div>\n\t\t\t\t<\/div>\n\t\t<div class=\"elementor-element elementor-element-a123a51 e-con-full e-flex e-con e-parent\" data-id=\"a123a51\" data-element_type=\"container\">\n\t\t\t\t<div class=\"elementor-element elementor-element-5e26f56 elementor-widget__width-inherit elementor-widget elementor-widget-text-editor\" data-id=\"5e26f56\" data-element_type=\"widget\" data-widget_type=\"text-editor.default\">\n\t\t\t\t<div class=\"elementor-widget-container\">\n\t\t\t\t\t\t\t\t\t<h4><span style=\"color: #ff9900;\"><strong>Selma Teilmann<\/strong><\/span> Violine<br \/><span style=\"color: #ff9900;\"><strong>Sufiya Taufik<\/strong><\/span> Violine<br \/><span style=\"color: #ff9900;\"><strong>Andrias Blaasv\u00e6r<\/strong><\/span> Violine<br \/><span style=\"color: #ff9900;\"><strong>Julia Pamina Smit<\/strong><\/span> Viola<br \/><span style=\"color: #ff9900;\"><strong>Charlotte Melkonian<\/strong><\/span> Violincello<br \/><span style=\"color: #ff9900;\"><strong>Valdemar Most<\/strong><\/span> Klavier<\/h4><h5>Zapolski Strings Kopenhagen,<br \/>Leitung: Alexander Zapolski<\/h5><h5>Junge Streicher*innen aus der<br \/>Landeshauptstadt und der Region Hannover<\/h5><h5>Moderation: Miriam Stolzenwald<\/h5><div id=\"simple-translate\" class=\"simple-translate-system-theme\"><div><div class=\"simple-translate-button isShow\" style=\"background-image: url('moz-extension:\/\/4c1c9402-d3cb-4873-b8be-e820fd93348b\/icons\/512.png'); height: 22px; width: 22px; top: 66px; left: 113px;\">\u00a0<\/div><div class=\"simple-translate-panel \" style=\"width: 300px; height: 200px; top: 0px; left: 0px; font-size: 13px;\"><div class=\"simple-translate-result-wrapper\" style=\"overflow: hidden;\"><div class=\"simple-translate-move\" draggable=\"true\">\u00a0<\/div><div class=\"simple-translate-result-contents\"><p class=\"simple-translate-candidate\" dir=\"auto\">\u00a0<\/p><\/div><\/div><\/div><\/div><\/div>\t\t\t\t\t\t\t\t<\/div>\n\t\t\t\t<\/div>\n\t\t\t\t<div class=\"elementor-element elementor-element-c2429bf elementor-widget__width-inherit animated-slow elementor-invisible elementor-widget elementor-widget-text-editor\" data-id=\"c2429bf\" data-element_type=\"widget\" data-settings=\"{&quot;_animation&quot;:&quot;fadeInLeft&quot;}\" data-widget_type=\"text-editor.default\">\n\t\t\t\t<div class=\"elementor-widget-container\">\n\t\t\t\t\t\t\t\t\t<p>Werke von <br \/>J. S. Bach<br \/>N. Paganini<br \/>P. Sarasate<br \/>D. Popper<br \/>C. Debussy<br \/>D.\u00a0Schostakowitsch<br \/>G.\u00a0Gershwin<br \/>A. Zapolski<br \/>u. a.<\/p>\t\t\t\t\t\t\t\t<\/div>\n\t\t\t\t<\/div>\n\t\t\t\t<\/div>\n\t\t<div class=\"elementor-element elementor-element-8d7e0d1 e-con-full e-flex e-con e-parent\" data-id=\"8d7e0d1\" data-element_type=\"container\" data-settings=\"{&quot;background_background&quot;:&quot;classic&quot;}\">\n\t\t\t\t<div class=\"elementor-element elementor-element-b242a47 elementor-invisible elementor-widget elementor-widget-heading\" data-id=\"b242a47\" data-element_type=\"widget\" data-settings=\"{&quot;_animation&quot;:&quot;fadeIn&quot;}\" data-widget_type=\"heading.default\">\n\t\t\t\t<div class=\"elementor-widget-container\">\n\t\t\t\t\t<h2 class=\"elementor-heading-title elementor-size-default\">Das Konzert<\/h2>\t\t\t\t<\/div>\n\t\t\t\t<\/div>\n\t\t\t\t<div class=\"elementor-element elementor-element-23ca341 elementor-widget__width-inherit elementor-widget elementor-widget-text-editor\" data-id=\"23ca341\" data-element_type=\"widget\" data-widget_type=\"text-editor.default\">\n\t\t\t\t<div class=\"elementor-widget-container\">\n\t\t\t\t\t\t\t\t\t<p>Ein besonderes Konzerterlebnis erwartet Freund*\u00adinnen der Streichmusik im Februar 2025: Zapolski Strings aus Kopenhagen kommen nach Hannover. Das preisgekr\u00f6nte Jugendstreichorchester unter k\u00fcnstle\u00adrischer Leitung des aus Odessa stammenden Spitzen\u00adviolinisten Alexandre Zapolski und Nachwuchstalente vor Ort gestalten ein vielf\u00e4ltiges Musikprogramm, das am 9.\u00a0Februar in der Neust\u00e4dter Hof- und Stadtkirche St. Johannis pr\u00e4sentiert wird. Hohe k\u00fcnstlerische Qualit\u00e4t der Musiker*innen und Leidenschaft beim Musizieren kammermusika\u00adlischer Werke erschaffen eine besondere Atmosph\u00e4re der Intimit\u00e4t und emotionaler Intensit\u00e4t.<br \/>Die jungen Ausnahme-Talente aus D\u00e4nemark und Deutschland, die bereits wichtige internationale Wettbewerbe gewonnen haben, bei renommierten Musikfestivals gastieren und mit etablierten Orchestern musizieren, \u00fcbernehmen dabei solistische Aufgaben. Aber auch musikbegeisterte Sch\u00fcler*innen aus der Landeshauptstadt und der Region Hannover werden in das Programm einbezogen.<br \/>Vor dem Konzert findet ein moderiertes Gespr\u00e4ch mit jungen Mitwirkenden aus beiden L\u00e4ndern statt, das in das Konzert einf\u00fchren wird.<br \/>Wer dieses besondere Konzert, das vom Februar 2024 aus gesundheitlichen Gr\u00fcnden um ein Jahr verschoben wurde, erleben will, muss sich rechtzeitig um Karten k\u00fcmmern.<\/p>\t\t\t\t\t\t\t\t<\/div>\n\t\t\t\t<\/div>\n\t\t\t\t<\/div>\n\t\t<div class=\"elementor-element elementor-element-8b801af e-con-full e-flex e-con e-parent\" data-id=\"8b801af\" data-element_type=\"container\">\n\t\t\t\t<div class=\"elementor-element elementor-element-981fbcf elementor-widget elementor-widget-heading\" data-id=\"981fbcf\" data-element_type=\"widget\" data-widget_type=\"heading.default\">\n\t\t\t\t<div class=\"elementor-widget-container\">\n\t\t\t\t\t<h2 class=\"elementor-heading-title elementor-size-default\">Zapolski Strings Kopenhagen<\/h2>\t\t\t\t<\/div>\n\t\t\t\t<\/div>\n\t\t\t\t<div class=\"elementor-element elementor-element-9264fea elementor-widget elementor-widget-video\" data-id=\"9264fea\" data-element_type=\"widget\" data-settings=\"{&quot;video_type&quot;:&quot;hosted&quot;,&quot;controls&quot;:&quot;yes&quot;}\" data-widget_type=\"video.default\">\n\t\t\t\t<div class=\"elementor-widget-container\">\n\t\t\t\t\t\t\t<div class=\"e-hosted-video elementor-wrapper elementor-open-inline\">\n\t\t\t\t\t<video class=\"elementor-video\" src=\"https:\/\/s-design.media\/sotf\/wp-content\/uploads\/2023\/12\/Zapolski.mp4\" controls=\"\" preload=\"metadata\" controlsList=\"nodownload\" poster=\"https:\/\/s-design.media\/sotf\/wp-content\/uploads\/2023\/12\/Poster-Zapolski.jpg\"><\/video>\n\t\t\t\t<\/div>\n\t\t\t\t\t\t<\/div>\n\t\t\t\t<\/div>\n\t\t\t\t<div class=\"elementor-element elementor-element-3bd593a elementor-widget elementor-widget-text-editor\" data-id=\"3bd593a\" data-element_type=\"widget\" data-widget_type=\"text-editor.default\">\n\t\t\t\t<div class=\"elementor-widget-container\">\n\t\t\t\t\t\t\t\t\t<p>Video mit freundlicher Genehmigung von Zapolski Strings, Kopenhagen<\/p>\t\t\t\t\t\t\t\t<\/div>\n\t\t\t\t<\/div>\n\t\t\t\t<\/div>\n\t\t<div class=\"elementor-element elementor-element-e6ce0fd e-flex e-con-boxed e-con e-parent\" data-id=\"e6ce0fd\" data-element_type=\"container\" data-settings=\"{&quot;background_background&quot;:&quot;classic&quot;}\">\n\t\t\t\t\t<div class=\"e-con-inner\">\n\t\t\t\t<div class=\"elementor-element elementor-element-7282550 elementor-widget elementor-widget-heading\" data-id=\"7282550\" data-element_type=\"widget\" data-widget_type=\"heading.default\">\n\t\t\t\t<div class=\"elementor-widget-container\">\n\t\t\t\t\t<h2 class=\"elementor-heading-title elementor-size-default\">Talente des IFF Hannover<\/h2>\t\t\t\t<\/div>\n\t\t\t\t<\/div>\n\t\t\t\t<div class=\"elementor-element elementor-element-e845a0a elementor-widget__width-inherit elementor-widget elementor-widget-image\" data-id=\"e845a0a\" data-element_type=\"widget\" data-widget_type=\"image.default\">\n\t\t\t\t<div class=\"elementor-widget-container\">\n\t\t\t\t\t\t\t\t\t\t\t\t<figure class=\"wp-caption\">\n\t\t\t\t\t\t\t\t\t\t<img decoding=\"async\" width=\"800\" height=\"449\" src=\"https:\/\/s-design.media\/sotf\/wp-content\/uploads\/2023\/12\/Gruppe-mit-Instrumenten-im-SchlosscImme_Henrike_Wolters-1024x575.jpg\" class=\"attachment-large size-large wp-image-1217\" alt=\"IFF: Gruppe im Schlosszimmer @ Herike Wolters\" srcset=\"https:\/\/s-design.media\/sotf\/wp-content\/uploads\/2023\/12\/Gruppe-mit-Instrumenten-im-SchlosscImme_Henrike_Wolters-1024x575.jpg 1024w, https:\/\/s-design.media\/sotf\/wp-content\/uploads\/2023\/12\/Gruppe-mit-Instrumenten-im-SchlosscImme_Henrike_Wolters-300x169.jpg 300w, https:\/\/s-design.media\/sotf\/wp-content\/uploads\/2023\/12\/Gruppe-mit-Instrumenten-im-SchlosscImme_Henrike_Wolters-768x431.jpg 768w, https:\/\/s-design.media\/sotf\/wp-content\/uploads\/2023\/12\/Gruppe-mit-Instrumenten-im-SchlosscImme_Henrike_Wolters-1536x863.jpg 1536w, https:\/\/s-design.media\/sotf\/wp-content\/uploads\/2023\/12\/Gruppe-mit-Instrumenten-im-SchlosscImme_Henrike_Wolters-2048x1150.jpg 2048w\" sizes=\"(max-width: 800px) 100vw, 800px\" \/>\t\t\t\t\t\t\t\t\t\t\t<figcaption class=\"widget-image-caption wp-caption-text\">Die Talente des IFF<\/figcaption>\n\t\t\t\t\t\t\t\t\t\t<\/figure>\n\t\t\t\t\t\t\t\t\t<\/div>\n\t\t\t\t<\/div>\n\t\t\t\t<div class=\"elementor-element elementor-element-d564fd0 elementor-widget elementor-widget-text-editor\" data-id=\"d564fd0\" data-element_type=\"widget\" data-widget_type=\"text-editor.default\">\n\t\t\t\t<div class=\"elementor-widget-container\">\n\t\t\t\t\t\t\t\t\t<p class=\"western\"><span style=\"color: #ffffff;\">Das Institut zur Fr\u00fch-F\u00f6rderung musikalisch Hochbegabter (IFF) der Hochschule f\u00fcr Musik, Theater und Medien Hannover (HMTMH) wurde im Jahr 2000 gegr\u00fcndet.<\/span><\/p><p class=\"western\"><span style=\"color: #ffffff;\">Um eine Spitzenf\u00f6rderung zu sichern (wie es im Bereich des Sports schon lange Tradition ist) und den starken jungen Talenten gerecht zu werden, wurde das damals bundesweit einmalige \u201eFr\u00fchstudium Musik\u201c in das Studienangebot der Musikhochschule integriert.<\/span><\/p><p class=\"western\"><span style=\"color: #ffffff;\">Mit dem Ziel der \u201eExzellenzf\u00f6rderung\u201c erfolgte im Jahr 2000 die Gr\u00fcndung des Instituts auf Initiative von Prof. Bernd Goetzke.<\/span><\/p><p class=\"western\"><span style=\"color: #ffffff;\">Nach bestandener Aufnahmepr\u00fcfung beginnen die jugendlichen Spitzenbegabungen (ca. zehn pro Jahr) ihr Fr\u00fchstudium im Alter von durchschnittlich 13 Jahren. Das Fr\u00fchstudium sieht eine schulbegleitende Studienzeit von sechs Semestern vor.<\/span><\/p><p class=\"western\"><span style=\"color: #ffffff;\"><a style=\"color: #ffffff;\" name=\"_GoBack\"><\/a> Neben den Unterrichtseinheiten in den instrumentalen Hauptf\u00e4chern und den F\u00e4chern Musiktheorie, Geh\u00f6rbildung und rhythmische Erziehung bilden IFF-Konzerte einen wesentlichen Schwerpunkt im ganzheitlichen Ausbildungskonzept.<\/span><\/p><p class=\"western\"><span style=\"color: #ffffff;\">Die M\u00f6glichkeit \u00f6ffentlich zu konzertieren hilft den Fr\u00fchstudierenden, wichtige professionelle B\u00fchnenerfahrung zu sammeln und den Zuh\u00f6renden die Musik als wichtigen Teil ihres Lebens n\u00e4her zu bringen.<\/span><\/p><p class=\"western\"><span style=\"color: #ffffff;\">Seit 2013 ist Prof. Martin Brau\u00df, Professor f\u00fcr Oper\/Dirigieren an der HMTHM, Direktor des IFF.<\/span><\/p><p><span style=\"color: #ffffff;\">Foto: Henrike Wolters<\/span><\/p>\t\t\t\t\t\t\t\t<\/div>\n\t\t\t\t<\/div>\n\t\t\t\t\t<\/div>\n\t\t\t\t<\/div>\n\t\t<div class=\"elementor-element elementor-element-cf7e550 e-flex e-con-boxed e-con e-parent\" data-id=\"cf7e550\" data-element_type=\"container\">\n\t\t\t\t\t<div class=\"e-con-inner\">\n\t\t\t\t\t<\/div>\n\t\t\t\t<\/div>\n\t\t\t\t<\/div>\n\t\t","protected":false},"excerpt":{"rendered":"<p>Nachwuchstalente aus D\u00e4nemark und Deutschland begeistern! Karten f\u00fcr Strings of the Future 9.\u2009Februar\u20092025\u2002|\u200217 Uhr, Hannover Neust\u00e4dter Hof- und Stadtkirche St.\u2009JohannisRote Reihe 8 | 30169 Hannover Selma Teilmann ViolineSufiya Taufik ViolineAndrias Blaasv\u00e6r ViolineJulia Pamina Smit ViolaCharlotte Melkonian ViolincelloValdemar Most Klavier Zapolski Strings Kopenhagen,Leitung: Alexander Zapolski Junge Streicher*innen aus derLandeshauptstadt und der Region Hannover Moderation: Miriam Stolzenwald [&hellip;]<\/p>\n","protected":false},"author":1,"featured_media":0,"parent":0,"menu_order":0,"comment_status":"closed","ping_status":"closed","template":"","meta":{"footnotes":""},"class_list":["post-93","page","type-page","status-publish","hentry"],"_links":{"self":[{"href":"https:\/\/s-design.media\/sotf\/wp-json\/wp\/v2\/pages\/93","targetHints":{"allow":["GET"]}}],"collection":[{"href":"https:\/\/s-design.media\/sotf\/wp-json\/wp\/v2\/pages"}],"about":[{"href":"https:\/\/s-design.media\/sotf\/wp-json\/wp\/v2\/types\/page"}],"author":[{"embeddable":true,"href":"https:\/\/s-design.media\/sotf\/wp-json\/wp\/v2\/users\/1"}],"replies":[{"embeddable":true,"href":"https:\/\/s-design.media\/sotf\/wp-json\/wp\/v2\/comments?post=93"}],"version-history":[{"count":727,"href":"https:\/\/s-design.media\/sotf\/wp-json\/wp\/v2\/pages\/93\/revisions"}],"predecessor-version":[{"id":1527,"href":"https:\/\/s-design.media\/sotf\/wp-json\/wp\/v2\/pages\/93\/revisions\/1527"}],"wp:attachment":[{"href":"https:\/\/s-design.media\/sotf\/wp-json\/wp\/v2\/media?parent=93"}],"curies":[{"name":"wp","href":"https:\/\/api.w.org\/{rel}","templated":true}]}}